{"id":349,"date":"2025-01-27T13:22:38","date_gmt":"2025-01-27T10:22:38","guid":{"rendered":"https:\/\/bgaming-games.com\/tr\/?page_id=349"},"modified":"2025-01-27T14:16:04","modified_gmt":"2025-01-27T11:16:04","slug":"online-casinos","status":"publish","type":"page","link":"https:\/\/bgaming-games.com\/tr\/online-casinos\/","title":{"rendered":"\u00c7evrimi\u00e7i Casinolar"},"content":{"rendered":"","protected":false},"excerpt":{"rendered":"","protected":false},"author":1,"featured_media":0,"parent":0,"menu_order":0,"comment_status":"closed","ping_status":"closed","template":"page-casinos-tr.php","meta":{"footnotes":""},"categories":[],"tags":[],"class_list":["post-349","page","type-page","status-publish","hentry"],"yoast_head":"<!-- This site is optimized with the Yoast SEO plugin v24.1 - https:\/\/yoast.com\/wordpress\/plugins\/seo\/ -->\n<title>En \u0130yi BGaming \u00c7evrimi\u00e7i Casinolar ve Bonuslar Listesi<\/title>\n<meta name=\"description\" content=\"En iyi bonuslara sahip BGaming \u00e7evrimi\u00e7i casinolar\u0131n\u0131n tam listesi. \u0130ncelemeleri ve puanlar\u0131 okuyun, 2025&#039;teki en iyi BGaming casino sitelerini bulun!\" \/>\n<meta name=\"robots\" content=\"index, follow, max-snippet:-1, max-image-preview:large, max-video-preview:-1\" \/>\n<link rel=\"canonical\" href=\"https:\/\/bgaming-games.com\/tr\/online-casinos\/\" \/>\n<meta property=\"og:locale\" content=\"tr_TR\" \/>\n<meta property=\"og:type\" content=\"article\" \/>\n<meta property=\"og:title\" content=\"En \u0130yi BGaming \u00c7evrimi\u00e7i Casinolar ve Bonuslar Listesi\" \/>\n<meta property=\"og:description\" content=\"En iyi bonuslara sahip BGaming \u00e7evrimi\u00e7i casinolar\u0131n\u0131n tam listesi. \u0130ncelemeleri ve puanlar\u0131 okuyun, 2025&#039;teki en iyi BGaming casino sitelerini bulun!\" \/>\n<meta property=\"og:url\" content=\"https:\/\/bgaming-games.com\/tr\/online-casinos\/\" \/>\n<meta property=\"og:site_name\" content=\"BGaming Slotlar\u0131 T\u00fcrkiye\" \/>\n<meta property=\"article:modified_time\" content=\"2025-01-27T11:16:04+00:00\" \/>\n<meta name=\"twitter:card\" content=\"summary_large_image\" \/>\n<script type=\"application\/ld+json\" class=\"yoast-schema-graph\">{\"@context\":\"https:\/\/schema.org\",\"@graph\":[{\"@type\":\"WebPage\",\"@id\":\"https:\/\/bgaming-games.com\/tr\/online-casinos\/\",\"url\":\"https:\/\/bgaming-games.com\/tr\/online-casinos\/\",\"name\":\"En \u0130yi BGaming \u00c7evrimi\u00e7i Casinolar ve Bonuslar Listesi\",\"isPartOf\":{\"@id\":\"https:\/\/bgaming-games.com\/tr\/#website\"},\"datePublished\":\"2025-01-27T10:22:38+00:00\",\"dateModified\":\"2025-01-27T11:16:04+00:00\",\"description\":\"En iyi bonuslara sahip BGaming \u00e7evrimi\u00e7i casinolar\u0131n\u0131n tam listesi. \u0130ncelemeleri ve puanlar\u0131 okuyun, 2025'teki en iyi BGaming casino sitelerini bulun!\",\"breadcrumb\":{\"@id\":\"https:\/\/bgaming-games.com\/tr\/online-casinos\/#breadcrumb\"},\"inLanguage\":\"tr\",\"potentialAction\":[{\"@type\":\"ReadAction\",\"target\":[\"https:\/\/bgaming-games.com\/tr\/online-casinos\/\"]}]},{\"@type\":\"BreadcrumbList\",\"@id\":\"https:\/\/bgaming-games.com\/tr\/online-casinos\/#breadcrumb\",\"itemListElement\":[{\"@type\":\"ListItem\",\"position\":1,\"name\":\"\u0413\u043b\u0430\u0432\u043d\u0430\u044f \u0441\u0442\u0440\u0430\u043d\u0438\u0446\u0430\",\"item\":\"https:\/\/bgaming-games.com\/tr\/\"},{\"@type\":\"ListItem\",\"position\":2,\"name\":\"\u00c7evrimi\u00e7i Casinolar\"}]},{\"@type\":\"WebSite\",\"@id\":\"https:\/\/bgaming-games.com\/tr\/#website\",\"url\":\"https:\/\/bgaming-games.com\/tr\/\",\"name\":\"BGaming Slotlar\u0131 T\u00fcrkiye\",\"description\":\"\",\"potentialAction\":[{\"@type\":\"SearchAction\",\"target\":{\"@type\":\"EntryPoint\",\"urlTemplate\":\"https:\/\/bgaming-games.com\/tr\/?s={search_term_string}\"},\"query-input\":{\"@type\":\"PropertyValueSpecification\",\"valueRequired\":true,\"valueName\":\"search_term_string\"}}],\"inLanguage\":\"tr\"}]}<\/script>\n<!-- \/ Yoast SEO plugin. -->","yoast_head_json":{"title":"En \u0130yi BGaming \u00c7evrimi\u00e7i Casinolar ve Bonuslar Listesi","description":"En iyi bonuslara sahip BGaming \u00e7evrimi\u00e7i casinolar\u0131n\u0131n tam listesi. \u0130ncelemeleri ve puanlar\u0131 okuyun, 2025'teki en iyi BGaming casino sitelerini bulun!","robots":{"index":"index","follow":"follow","max-snippet":"max-snippet:-1","max-image-preview":"max-image-preview:large","max-video-preview":"max-video-preview:-1"},"canonical":"https:\/\/bgaming-games.com\/tr\/online-casinos\/","og_locale":"tr_TR","og_type":"article","og_title":"En \u0130yi BGaming \u00c7evrimi\u00e7i Casinolar ve Bonuslar Listesi","og_description":"En iyi bonuslara sahip BGaming \u00e7evrimi\u00e7i casinolar\u0131n\u0131n tam listesi. \u0130ncelemeleri ve puanlar\u0131 okuyun, 2025'teki en iyi BGaming casino sitelerini bulun!","og_url":"https:\/\/bgaming-games.com\/tr\/online-casinos\/","og_site_name":"BGaming Slotlar\u0131 T\u00fcrkiye","article_modified_time":"2025-01-27T11:16:04+00:00","twitter_card":"summary_large_image","schema":{"@context":"https:\/\/schema.org","@graph":[{"@type":"WebPage","@id":"https:\/\/bgaming-games.com\/tr\/online-casinos\/","url":"https:\/\/bgaming-games.com\/tr\/online-casinos\/","name":"En \u0130yi BGaming \u00c7evrimi\u00e7i Casinolar ve Bonuslar Listesi","isPartOf":{"@id":"https:\/\/bgaming-games.com\/tr\/#website"},"datePublished":"2025-01-27T10:22:38+00:00","dateModified":"2025-01-27T11:16:04+00:00","description":"En iyi bonuslara sahip BGaming \u00e7evrimi\u00e7i casinolar\u0131n\u0131n tam listesi. \u0130ncelemeleri ve puanlar\u0131 okuyun, 2025'teki en iyi BGaming casino sitelerini bulun!","breadcrumb":{"@id":"https:\/\/bgaming-games.com\/tr\/online-casinos\/#breadcrumb"},"inLanguage":"tr","potentialAction":[{"@type":"ReadAction","target":["https:\/\/bgaming-games.com\/tr\/online-casinos\/"]}]},{"@type":"BreadcrumbList","@id":"https:\/\/bgaming-games.com\/tr\/online-casinos\/#breadcrumb","itemListElement":[{"@type":"ListItem","position":1,"name":"\u0413\u043b\u0430\u0432\u043d\u0430\u044f \u0441\u0442\u0440\u0430\u043d\u0438\u0446\u0430","item":"https:\/\/bgaming-games.com\/tr\/"},{"@type":"ListItem","position":2,"name":"\u00c7evrimi\u00e7i Casinolar"}]},{"@type":"WebSite","@id":"https:\/\/bgaming-games.com\/tr\/#website","url":"https:\/\/bgaming-games.com\/tr\/","name":"BGaming Slotlar\u0131 T\u00fcrkiye","description":"","potentialAction":[{"@type":"SearchAction","target":{"@type":"EntryPoint","urlTemplate":"https:\/\/bgaming-games.com\/tr\/?s={search_term_string}"},"query-input":{"@type":"PropertyValueSpecification","valueRequired":true,"valueName":"search_term_string"}}],"inLanguage":"tr"}]}},"_links":{"self":[{"href":"https:\/\/bgaming-games.com\/tr\/wp-json\/wp\/v2\/pages\/349","targetHints":{"allow":["GET"]}}],"collection":[{"href":"https:\/\/bgaming-games.com\/tr\/wp-json\/wp\/v2\/pages"}],"about":[{"href":"https:\/\/bgaming-games.com\/tr\/wp-json\/wp\/v2\/types\/page"}],"author":[{"embeddable":true,"href":"https:\/\/bgaming-games.com\/tr\/wp-json\/wp\/v2\/users\/1"}],"replies":[{"embeddable":true,"href":"https:\/\/bgaming-games.com\/tr\/wp-json\/wp\/v2\/comments?post=349"}],"version-history":[{"count":3,"href":"https:\/\/bgaming-games.com\/tr\/wp-json\/wp\/v2\/pages\/349\/revisions"}],"predecessor-version":[{"id":356,"href":"https:\/\/bgaming-games.com\/tr\/wp-json\/wp\/v2\/pages\/349\/revisions\/356"}],"wp:attachment":[{"href":"https:\/\/bgaming-games.com\/tr\/wp-json\/wp\/v2\/media?parent=349"}],"wp:term":[{"taxonomy":"category","embeddable":true,"href":"https:\/\/bgaming-games.com\/tr\/wp-json\/wp\/v2\/categories?post=349"},{"taxonomy":"post_tag","embeddable":true,"href":"https:\/\/bgaming-games.com\/tr\/wp-json\/wp\/v2\/tags?post=349"}],"curies":[{"name":"wp","href":"https:\/\/api.w.org\/{rel}","templated":true}]}}