{"id":332,"date":"2025-01-26T19:44:59","date_gmt":"2025-01-26T16:44:59","guid":{"rendered":"https:\/\/bgaming-games.com\/tr\/sorumlu-oyun\/"},"modified":"2025-01-26T20:24:54","modified_gmt":"2025-01-26T17:24:54","slug":"responsible-gambling","status":"publish","type":"page","link":"https:\/\/bgaming-games.com\/tr\/responsible-gambling\/","title":{"rendered":"Sorumlu Oyun"},"content":{"rendered":"<p><a href=\"\/tr\/\">https:\/\/bgaming-games.com<\/a> adresindeki sorumlu oyun sayfas\u0131na ho\u015f geldiniz. Kullan\u0131c\u0131lar\u0131m\u0131z\u0131n refah\u0131na \u00f6ncelik veriyor ve g\u00fcvenli ve sorumlu kumar yakla\u015f\u0131mlar\u0131n\u0131 te\u015fvik etmeyi hedefliyoruz. Oyun s\u00fcreci keyif vermeli ve bir e\u011flence bi\u00e7imi olmal\u0131d\u0131r; bu nedenle amac\u0131m\u0131z t\u00fcm oyuncular i\u00e7in g\u00fcvenli ve sorumlu bir ortam olu\u015fturmakt\u0131r.<\/p>\n<h2>Sorumlu Oyun Konusundaki Taahh\u00fcd\u00fcm\u00fcz<\/h2>\n<p>bgaming-games.com olarak, kumar\u0131n olumlu ve kontrol edilebilir bir deneyim olarak kalmas\u0131 gerekti\u011fine inan\u0131yoruz. Olas\u0131 risklerin \u00f6nlenmesine \u00f6nem vererek, sorumlu oyun ilkelerine s\u0131k\u0131 s\u0131k\u0131ya ba\u011fl\u0131 kal\u0131yoruz. Platformumuz, kullan\u0131c\u0131lar\u0131n oyun s\u0131ras\u0131nda bilin\u00e7li kararlar almas\u0131na yard\u0131mc\u0131 olmak i\u00e7in ara\u00e7lar, kaynaklar ve destek sa\u011flar.<\/p>\n<h2>Sorumlu Oyun Te\u015fviki<\/h2>\n<p>Sorumlu oyun yakla\u015f\u0131mlar\u0131n\u0131 aktif bir \u015fekilde te\u015fvik ediyor, e\u011fitim materyalleri ve g\u00fcvenlik \u00f6nlemleri sunuyoruz. Oyuncular, harcamalar\u0131na limitler koyabilir, oyun s\u00fcresini kontrol edebilir ve gerekirse kendini d\u0131\u015flama se\u00e7eneklerinden yararlanabilir. Oyunla etkile\u015fimde \u00f6l\u00e7\u00fcl\u00fc olman\u0131n \u00f6nemini vurguluyor ve kullan\u0131c\u0131lar\u0131m\u0131za ki\u015fisel s\u0131n\u0131rlar belirlemelerini \u00f6neriyoruz.<\/p>\n<h2>Re\u015fit Olmayanlar\u0131n Kat\u0131l\u0131m\u0131n\u0131 \u00d6nleme<\/h2>\n<p>Re\u015fit olmayanlar\u0131n kumar oynamas\u0131n\u0131 yasaklayan yasalara s\u0131k\u0131 s\u0131k\u0131ya uyuyoruz. Platformumuz, yasalara uygunlu\u011fu sa\u011flamak i\u00e7in ya\u015f do\u011frulama ve kimlik kontrol sistemlerini i\u00e7erir. Ayr\u0131ca, ebeveynlere ve velilere, re\u015fit olmayanlar\u0131n \u00e7evrimi\u00e7i platformlara eri\u015fimini kontrol etmeleri ve yetkisiz eylemleri \u00f6nlemeleri i\u00e7in \u00e7a\u011fr\u0131da bulunuyoruz.<\/p>\n<h2>Oyun Sorunlar\u0131 Ya\u015fayan Kullan\u0131c\u0131lara Destek<\/h2>\n<p>Sorunlu oyun davran\u0131\u015flar\u0131n\u0131n erken tespit edilmesinin \u00f6nemini anl\u0131yoruz. Platformumuz, kumar sorunlar\u0131yla ilgili uzman kurulu\u015flar\u0131n ileti\u015fim bilgilerini i\u00e7eren profesyonel destek kaynaklar\u0131na eri\u015fim sa\u011flar. Ayr\u0131ca, kullan\u0131c\u0131lar\u0131n oyun al\u0131\u015fkanl\u0131klar\u0131n\u0131 analiz etmelerine ve gerekti\u011finde yard\u0131m almalar\u0131na olanak tan\u0131yan \u00f6z de\u011ferlendirme ara\u00e7lar\u0131 sunulmaktad\u0131r.<\/p>\n<h2>Profesyonel Kurulu\u015flarla \u0130\u015f Birli\u011fi<\/h2>\n<p>Kumar sorunlar\u0131n\u0131n \u00e7\u00f6z\u00fcm\u00fcnde uzmanla\u015fm\u0131\u015f kurulu\u015flarla aktif olarak i\u015f birli\u011fi yap\u0131yoruz ve kullan\u0131c\u0131lar\u0131m\u0131za g\u00fcvenilir ve nitelikli destek sa\u011fl\u0131yoruz. Fark\u0131ndal\u0131k art\u0131rma giri\u015fimlerini, \u00f6nleme kampanyalar\u0131n\u0131 ve tedavi programlar\u0131n\u0131 destekleyerek daha sa\u011fl\u0131kl\u0131 bir oyun ortam\u0131 olu\u015fturulmas\u0131na katk\u0131da bulunuyoruz.<\/p>\n<h2>Veri Gizlili\u011fi<\/h2>\n<p>Veri gizlili\u011fi standartlar\u0131na s\u0131k\u0131 s\u0131k\u0131ya uyuyor ve kullan\u0131c\u0131 bilgilerinin korunmas\u0131n\u0131 garanti ediyoruz. Kumarla ilgili konularda yard\u0131m talep eden kullan\u0131c\u0131lar, bilgilerin Gizlilik Politikam\u0131z ve ge\u00e7erli veri koruma yasalar\u0131na uygun olarak gizli kalaca\u011f\u0131ndan emin olabilirler.<\/p>\n<p>https:\/\/bgaming-games.com olarak misyonumuz, g\u00fcvenli ve keyifli bir oyun ortam\u0131 yaratmakt\u0131r. Sorumlu oyun k\u00fclt\u00fcr\u00fcn\u00fc te\u015fvik ederek ve \u00f6nleyici ara\u00e7lar ve kaynaklar sunarak, t\u00fcm kullan\u0131c\u0131lar i\u00e7in olumlu bir oyun deneyimi sa\u011flamay\u0131 hedefliyoruz. Size veya sevdiklerinize destek gerekirse, sa\u011flanan destek kaynaklar\u0131n\u0131 kullanabilir veya destek ekibimizle ileti\u015fime ge\u00e7ebilirsiniz. Refah\u0131n\u0131z, bizim \u00f6nceli\u011fimizdir.<\/p>\n","protected":false},"excerpt":{"rendered":"<p>https:\/\/bgaming-games.com adresindeki sorumlu oyun sayfas\u0131na ho\u015f geldiniz. Kullan\u0131c\u0131lar\u0131m\u0131z\u0131n refah\u0131na \u00f6ncelik veriyor ve g\u00fcvenli ve sorumlu kumar yakla\u015f\u0131mlar\u0131n\u0131 te\u015fvik etmeyi hedefliyoruz. Oyun s\u00fcreci keyif vermeli ve bir e\u011flence bi\u00e7imi olmal\u0131d\u0131r; bu nedenle amac\u0131m\u0131z t\u00fcm oyuncular i\u00e7in g\u00fcvenli ve sorumlu bir ortam olu\u015fturmakt\u0131r. Sorumlu Oyun Konusundaki Taahh\u00fcd\u00fcm\u00fcz bgaming-games.com olarak, kumar\u0131n olumlu ve kontrol edilebilir bir deneyim olarak [&hellip;]<\/p>\n","protected":false},"author":1,"featured_media":0,"parent":0,"menu_order":0,"comment_status":"closed","ping_status":"closed","template":"page-tr.php","meta":{"footnotes":""},"categories":[],"tags":[],"class_list":["post-332","page","type-page","status-publish","hentry"],"yoast_head":"<!-- This site is optimized with the Yoast SEO plugin v24.1 - https:\/\/yoast.com\/wordpress\/plugins\/seo\/ -->\n<title>Sorumlu Oyun - BGaming Slotlar\u0131 T\u00fcrkiye<\/title>\n<meta name=\"description\" content=\"https:\/\/bgaming-games.com adresindeki sorumlu oyun sayfas\u0131na ho\u015f geldiniz. Kullan\u0131c\u0131lar\u0131m\u0131z\u0131n refah\u0131na \u00f6ncelik veriyor ve g\u00fcvenli ve sorumlu kumar\" \/>\n<meta name=\"robots\" content=\"index, follow, max-snippet:-1, max-image-preview:large, max-video-preview:-1\" \/>\n<link rel=\"canonical\" href=\"https:\/\/bgaming-games.com\/tr\/responsible-gambling\/\" \/>\n<meta property=\"og:locale\" content=\"tr_TR\" \/>\n<meta property=\"og:type\" content=\"article\" \/>\n<meta property=\"og:title\" content=\"Sorumlu Oyun - BGaming Slotlar\u0131 T\u00fcrkiye\" \/>\n<meta property=\"og:description\" content=\"https:\/\/bgaming-games.com adresindeki sorumlu oyun sayfas\u0131na ho\u015f geldiniz. Kullan\u0131c\u0131lar\u0131m\u0131z\u0131n refah\u0131na \u00f6ncelik veriyor ve g\u00fcvenli ve sorumlu kumar\" \/>\n<meta property=\"og:url\" content=\"https:\/\/bgaming-games.com\/tr\/responsible-gambling\/\" \/>\n<meta property=\"og:site_name\" content=\"BGaming Slotlar\u0131 T\u00fcrkiye\" \/>\n<meta property=\"article:modified_time\" content=\"2025-01-26T17:24:54+00:00\" \/>\n<meta name=\"twitter:card\" content=\"summary_large_image\" \/>\n<meta name=\"twitter:label1\" content=\"Tahmini okuma s\u00fcresi\" \/>\n\t<meta name=\"twitter:data1\" content=\"3 dakika\" \/>\n<script type=\"application\/ld+json\" class=\"yoast-schema-graph\">{\"@context\":\"https:\/\/schema.org\",\"@graph\":[{\"@type\":\"WebPage\",\"@id\":\"https:\/\/bgaming-games.com\/tr\/responsible-gambling\/\",\"url\":\"https:\/\/bgaming-games.com\/tr\/responsible-gambling\/\",\"name\":\"Sorumlu Oyun - BGaming Slotlar\u0131 T\u00fcrkiye\",\"isPartOf\":{\"@id\":\"https:\/\/bgaming-games.com\/tr\/#website\"},\"datePublished\":\"2025-01-26T16:44:59+00:00\",\"dateModified\":\"2025-01-26T17:24:54+00:00\",\"description\":\"https:\/\/bgaming-games.com adresindeki sorumlu oyun sayfas\u0131na ho\u015f geldiniz. Kullan\u0131c\u0131lar\u0131m\u0131z\u0131n refah\u0131na \u00f6ncelik veriyor ve g\u00fcvenli ve sorumlu kumar\",\"breadcrumb\":{\"@id\":\"https:\/\/bgaming-games.com\/tr\/responsible-gambling\/#breadcrumb\"},\"inLanguage\":\"tr\",\"potentialAction\":[{\"@type\":\"ReadAction\",\"target\":[\"https:\/\/bgaming-games.com\/tr\/responsible-gambling\/\"]}]},{\"@type\":\"BreadcrumbList\",\"@id\":\"https:\/\/bgaming-games.com\/tr\/responsible-gambling\/#breadcrumb\",\"itemListElement\":[{\"@type\":\"ListItem\",\"position\":1,\"name\":\"\u0413\u043b\u0430\u0432\u043d\u0430\u044f \u0441\u0442\u0440\u0430\u043d\u0438\u0446\u0430\",\"item\":\"https:\/\/bgaming-games.com\/tr\/\"},{\"@type\":\"ListItem\",\"position\":2,\"name\":\"Sorumlu Oyun\"}]},{\"@type\":\"WebSite\",\"@id\":\"https:\/\/bgaming-games.com\/tr\/#website\",\"url\":\"https:\/\/bgaming-games.com\/tr\/\",\"name\":\"BGaming Slotlar\u0131 T\u00fcrkiye\",\"description\":\"\",\"potentialAction\":[{\"@type\":\"SearchAction\",\"target\":{\"@type\":\"EntryPoint\",\"urlTemplate\":\"https:\/\/bgaming-games.com\/tr\/?s={search_term_string}\"},\"query-input\":{\"@type\":\"PropertyValueSpecification\",\"valueRequired\":true,\"valueName\":\"search_term_string\"}}],\"inLanguage\":\"tr\"}]}<\/script>\n<!-- \/ Yoast SEO plugin. -->","yoast_head_json":{"title":"Sorumlu Oyun - BGaming Slotlar\u0131 T\u00fcrkiye","description":"https:\/\/bgaming-games.com adresindeki sorumlu oyun sayfas\u0131na ho\u015f geldiniz. Kullan\u0131c\u0131lar\u0131m\u0131z\u0131n refah\u0131na \u00f6ncelik veriyor ve g\u00fcvenli ve sorumlu kumar","robots":{"index":"index","follow":"follow","max-snippet":"max-snippet:-1","max-image-preview":"max-image-preview:large","max-video-preview":"max-video-preview:-1"},"canonical":"https:\/\/bgaming-games.com\/tr\/responsible-gambling\/","og_locale":"tr_TR","og_type":"article","og_title":"Sorumlu Oyun - BGaming Slotlar\u0131 T\u00fcrkiye","og_description":"https:\/\/bgaming-games.com adresindeki sorumlu oyun sayfas\u0131na ho\u015f geldiniz. Kullan\u0131c\u0131lar\u0131m\u0131z\u0131n refah\u0131na \u00f6ncelik veriyor ve g\u00fcvenli ve sorumlu kumar","og_url":"https:\/\/bgaming-games.com\/tr\/responsible-gambling\/","og_site_name":"BGaming Slotlar\u0131 T\u00fcrkiye","article_modified_time":"2025-01-26T17:24:54+00:00","twitter_card":"summary_large_image","twitter_misc":{"Tahmini okuma s\u00fcresi":"3 dakika"},"schema":{"@context":"https:\/\/schema.org","@graph":[{"@type":"WebPage","@id":"https:\/\/bgaming-games.com\/tr\/responsible-gambling\/","url":"https:\/\/bgaming-games.com\/tr\/responsible-gambling\/","name":"Sorumlu Oyun - BGaming Slotlar\u0131 T\u00fcrkiye","isPartOf":{"@id":"https:\/\/bgaming-games.com\/tr\/#website"},"datePublished":"2025-01-26T16:44:59+00:00","dateModified":"2025-01-26T17:24:54+00:00","description":"https:\/\/bgaming-games.com adresindeki sorumlu oyun sayfas\u0131na ho\u015f geldiniz. Kullan\u0131c\u0131lar\u0131m\u0131z\u0131n refah\u0131na \u00f6ncelik veriyor ve g\u00fcvenli ve sorumlu kumar","breadcrumb":{"@id":"https:\/\/bgaming-games.com\/tr\/responsible-gambling\/#breadcrumb"},"inLanguage":"tr","potentialAction":[{"@type":"ReadAction","target":["https:\/\/bgaming-games.com\/tr\/responsible-gambling\/"]}]},{"@type":"BreadcrumbList","@id":"https:\/\/bgaming-games.com\/tr\/responsible-gambling\/#breadcrumb","itemListElement":[{"@type":"ListItem","position":1,"name":"\u0413\u043b\u0430\u0432\u043d\u0430\u044f \u0441\u0442\u0440\u0430\u043d\u0438\u0446\u0430","item":"https:\/\/bgaming-games.com\/tr\/"},{"@type":"ListItem","position":2,"name":"Sorumlu Oyun"}]},{"@type":"WebSite","@id":"https:\/\/bgaming-games.com\/tr\/#website","url":"https:\/\/bgaming-games.com\/tr\/","name":"BGaming Slotlar\u0131 T\u00fcrkiye","description":"","potentialAction":[{"@type":"SearchAction","target":{"@type":"EntryPoint","urlTemplate":"https:\/\/bgaming-games.com\/tr\/?s={search_term_string}"},"query-input":{"@type":"PropertyValueSpecification","valueRequired":true,"valueName":"search_term_string"}}],"inLanguage":"tr"}]}},"_links":{"self":[{"href":"https:\/\/bgaming-games.com\/tr\/wp-json\/wp\/v2\/pages\/332","targetHints":{"allow":["GET"]}}],"collection":[{"href":"https:\/\/bgaming-games.com\/tr\/wp-json\/wp\/v2\/pages"}],"about":[{"href":"https:\/\/bgaming-games.com\/tr\/wp-json\/wp\/v2\/types\/page"}],"author":[{"embeddable":true,"href":"https:\/\/bgaming-games.com\/tr\/wp-json\/wp\/v2\/users\/1"}],"replies":[{"embeddable":true,"href":"https:\/\/bgaming-games.com\/tr\/wp-json\/wp\/v2\/comments?post=332"}],"version-history":[{"count":3,"href":"https:\/\/bgaming-games.com\/tr\/wp-json\/wp\/v2\/pages\/332\/revisions"}],"predecessor-version":[{"id":346,"href":"https:\/\/bgaming-games.com\/tr\/wp-json\/wp\/v2\/pages\/332\/revisions\/346"}],"wp:attachment":[{"href":"https:\/\/bgaming-games.com\/tr\/wp-json\/wp\/v2\/media?parent=332"}],"wp:term":[{"taxonomy":"category","embeddable":true,"href":"https:\/\/bgaming-games.com\/tr\/wp-json\/wp\/v2\/categories?post=332"},{"taxonomy":"post_tag","embeddable":true,"href":"https:\/\/bgaming-games.com\/tr\/wp-json\/wp\/v2\/tags?post=332"}],"curies":[{"name":"wp","href":"https:\/\/api.w.org\/{rel}","templated":true}]}}