{"id":330,"date":"2025-01-26T19:44:59","date_gmt":"2025-01-26T16:44:59","guid":{"rendered":"https:\/\/bgaming-games.com\/tr\/hakkimizda\/"},"modified":"2025-01-26T20:24:01","modified_gmt":"2025-01-26T17:24:01","slug":"about-us","status":"publish","type":"page","link":"https:\/\/bgaming-games.com\/tr\/about-us\/","title":{"rendered":"Hakk\u0131m\u0131zda"},"content":{"rendered":"<p><a href=\"\/tr\/\">BGaming Games<\/a>, sizi BGaming sa\u011flay\u0131c\u0131s\u0131ndan heyecan verici oyun d\u00fcnyas\u0131na g\u00f6t\u00fcren rehberinizdir! \u00dccretsiz oynay\u0131n, \u00e7e\u015fitli slotlar\u0131n keyfini \u00e7\u0131kar\u0131n ve ger\u00e7ek bahisler i\u00e7in en iyi casinolar\u0131 se\u00e7in. Amac\u0131m\u0131z, oyun deneyiminizi unutulmaz k\u0131lmakt\u0131r!<\/p>\n<h2>\u00dccretsiz ve s\u0131n\u0131rs\u0131z oynay\u0131n<\/h2>\n<p>BGaming Games web sitesinde, kay\u0131t olmadan \u00fccretsiz slot oyunlar\u0131n\u0131n keyfini \u00e7\u0131karabilirsiniz. Hi\u00e7bir s\u0131n\u0131rlama yok \u2013 sadece bir slot se\u00e7in ve macera dolu bir d\u00fcnyaya dal\u0131n.<\/p>\n<h2>D\u00fcnyan\u0131n \u00f6nde gelen casino sa\u011flay\u0131c\u0131s\u0131n\u0131n sundu\u011fu \u00e7e\u015fitli slotlar ve oyunlar<\/h2>\n<p>BGaming, \u00e7e\u015fitli oyunlar\u0131 ve slotlar\u0131yla tan\u0131n\u0131r ve hepsini sizin i\u00e7in bir araya getirdik! Tercihlerinize uygun olan\u0131 se\u00e7mek i\u00e7in her slot oyununun detayl\u0131 incelemesini ke\u015ffedin. Klasik slotlardan video oyunlar\u0131na kadar herkes i\u00e7in \u00f6zel bir \u015feyler var.<\/p>\n<h2>Demo s\u00fcr\u00fcmlerini indirin ve favori oyunlar\u0131n\u0131z\u0131 \u00fccretsiz ve kay\u0131ts\u0131z oynay\u0131n<\/h2>\n<p>Parayla oynamadan \u00f6nce \u015fans\u0131n\u0131z\u0131 denemek mi istiyorsunuz? BGaming Games, slotlar\u0131n demo s\u00fcr\u00fcmlerini indirip istedi\u011finiz zaman keyfini \u00e7\u0131karma imkan\u0131 sunar. Deneyin, stratejiler geli\u015ftirin ve heyecan verici kazan\u00e7lara haz\u0131rlan\u0131n.<\/p>\n<h2>Ger\u00e7ek bahisler i\u00e7in en iyi online casinoyu bulun<\/h2>\n<p>Bir sonraki seviyeye ge\u00e7meye haz\u0131r oldu\u011funuzda, katalo\u011fumuz size slot oyunlar\u0131n\u0131 ger\u00e7ek parayla oynayabilece\u011finiz en iyi online casinoyu se\u00e7menize yard\u0131mc\u0131 olur. D\u00fcr\u00fcst incelemeler ve \u00f6neriler sunarak deneyiminizi olabildi\u011fince tatmin edici hale getiriyoruz.<\/p>\n<h2>Ekibimiz \u2014 oyun uzmanlar\u0131 ve tutkulu hayranlar<\/h2>\n<p>BGaming Games web sitesi, oyunlara ve oyunculara olan sevgiden do\u011fdu. Alan\u0131nda uzmanlardan ve ger\u00e7ek tutkunlardan olu\u015fan ekibimiz, sizinle ayn\u0131 tutkuyu payla\u015f\u0131yor. En iyi oyun deneyimini sunmak i\u00e7in buraday\u0131z. \u0130ncelemelerimiz d\u00fcr\u00fcst, \u00f6nerilerimiz do\u011fru ve size oyun d\u00fcnyas\u0131ndaki en g\u00fcncel haberleri ve ipu\u00e7lar\u0131n\u0131 sunmaya her zaman haz\u0131r\u0131z.<\/p>\n","protected":false},"excerpt":{"rendered":"<p>BGaming Games, sizi BGaming sa\u011flay\u0131c\u0131s\u0131ndan heyecan verici oyun d\u00fcnyas\u0131na g\u00f6t\u00fcren rehberinizdir! \u00dccretsiz oynay\u0131n, \u00e7e\u015fitli slotlar\u0131n keyfini \u00e7\u0131kar\u0131n ve ger\u00e7ek bahisler i\u00e7in en iyi casinolar\u0131 se\u00e7in. Amac\u0131m\u0131z, oyun deneyiminizi unutulmaz k\u0131lmakt\u0131r! \u00dccretsiz ve s\u0131n\u0131rs\u0131z oynay\u0131n BGaming Games web sitesinde, kay\u0131t olmadan \u00fccretsiz slot oyunlar\u0131n\u0131n keyfini \u00e7\u0131karabilirsiniz. Hi\u00e7bir s\u0131n\u0131rlama yok \u2013 sadece bir slot se\u00e7in ve macera [&hellip;]<\/p>\n","protected":false},"author":1,"featured_media":0,"parent":0,"menu_order":0,"comment_status":"closed","ping_status":"closed","template":"page-tr.php","meta":{"footnotes":""},"categories":[],"tags":[],"class_list":["post-330","page","type-page","status-publish","hentry"],"yoast_head":"<!-- This site is optimized with the Yoast SEO plugin v24.1 - https:\/\/yoast.com\/wordpress\/plugins\/seo\/ -->\n<title>Hakk\u0131m\u0131zda - BGaming Slotlar\u0131 T\u00fcrkiye<\/title>\n<meta name=\"description\" content=\"BGaming Games, sizi BGaming sa\u011flay\u0131c\u0131s\u0131ndan heyecan verici oyun d\u00fcnyas\u0131na g\u00f6t\u00fcren rehberinizdir! \u00dccretsiz oynay\u0131n, \u00e7e\u015fitli slotlar\u0131n keyfini \u00e7\u0131kar\u0131n ve\" \/>\n<meta name=\"robots\" content=\"index, follow, max-snippet:-1, max-image-preview:large, max-video-preview:-1\" \/>\n<link rel=\"canonical\" href=\"https:\/\/bgaming-games.com\/tr\/about-us\/\" \/>\n<meta property=\"og:locale\" content=\"tr_TR\" \/>\n<meta property=\"og:type\" content=\"article\" \/>\n<meta property=\"og:title\" content=\"Hakk\u0131m\u0131zda - BGaming Slotlar\u0131 T\u00fcrkiye\" \/>\n<meta property=\"og:description\" content=\"BGaming Games, sizi BGaming sa\u011flay\u0131c\u0131s\u0131ndan heyecan verici oyun d\u00fcnyas\u0131na g\u00f6t\u00fcren rehberinizdir! \u00dccretsiz oynay\u0131n, \u00e7e\u015fitli slotlar\u0131n keyfini \u00e7\u0131kar\u0131n ve\" \/>\n<meta property=\"og:url\" content=\"https:\/\/bgaming-games.com\/tr\/about-us\/\" \/>\n<meta property=\"og:site_name\" content=\"BGaming Slotlar\u0131 T\u00fcrkiye\" \/>\n<meta property=\"article:modified_time\" content=\"2025-01-26T17:24:01+00:00\" \/>\n<meta name=\"twitter:card\" content=\"summary_large_image\" \/>\n<meta name=\"twitter:label1\" content=\"Tahmini okuma s\u00fcresi\" \/>\n\t<meta name=\"twitter:data1\" content=\"2 dakika\" \/>\n<script type=\"application\/ld+json\" class=\"yoast-schema-graph\">{\"@context\":\"https:\/\/schema.org\",\"@graph\":[{\"@type\":\"WebPage\",\"@id\":\"https:\/\/bgaming-games.com\/tr\/about-us\/\",\"url\":\"https:\/\/bgaming-games.com\/tr\/about-us\/\",\"name\":\"Hakk\u0131m\u0131zda - BGaming Slotlar\u0131 T\u00fcrkiye\",\"isPartOf\":{\"@id\":\"https:\/\/bgaming-games.com\/tr\/#website\"},\"datePublished\":\"2025-01-26T16:44:59+00:00\",\"dateModified\":\"2025-01-26T17:24:01+00:00\",\"description\":\"BGaming Games, sizi BGaming sa\u011flay\u0131c\u0131s\u0131ndan heyecan verici oyun d\u00fcnyas\u0131na g\u00f6t\u00fcren rehberinizdir! \u00dccretsiz oynay\u0131n, \u00e7e\u015fitli slotlar\u0131n keyfini \u00e7\u0131kar\u0131n ve\",\"breadcrumb\":{\"@id\":\"https:\/\/bgaming-games.com\/tr\/about-us\/#breadcrumb\"},\"inLanguage\":\"tr\",\"potentialAction\":[{\"@type\":\"ReadAction\",\"target\":[\"https:\/\/bgaming-games.com\/tr\/about-us\/\"]}]},{\"@type\":\"BreadcrumbList\",\"@id\":\"https:\/\/bgaming-games.com\/tr\/about-us\/#breadcrumb\",\"itemListElement\":[{\"@type\":\"ListItem\",\"position\":1,\"name\":\"\u0413\u043b\u0430\u0432\u043d\u0430\u044f \u0441\u0442\u0440\u0430\u043d\u0438\u0446\u0430\",\"item\":\"https:\/\/bgaming-games.com\/tr\/\"},{\"@type\":\"ListItem\",\"position\":2,\"name\":\"Hakk\u0131m\u0131zda\"}]},{\"@type\":\"WebSite\",\"@id\":\"https:\/\/bgaming-games.com\/tr\/#website\",\"url\":\"https:\/\/bgaming-games.com\/tr\/\",\"name\":\"BGaming Slotlar\u0131 T\u00fcrkiye\",\"description\":\"\",\"potentialAction\":[{\"@type\":\"SearchAction\",\"target\":{\"@type\":\"EntryPoint\",\"urlTemplate\":\"https:\/\/bgaming-games.com\/tr\/?s={search_term_string}\"},\"query-input\":{\"@type\":\"PropertyValueSpecification\",\"valueRequired\":true,\"valueName\":\"search_term_string\"}}],\"inLanguage\":\"tr\"}]}<\/script>\n<!-- \/ Yoast SEO plugin. -->","yoast_head_json":{"title":"Hakk\u0131m\u0131zda - BGaming Slotlar\u0131 T\u00fcrkiye","description":"BGaming Games, sizi BGaming sa\u011flay\u0131c\u0131s\u0131ndan heyecan verici oyun d\u00fcnyas\u0131na g\u00f6t\u00fcren rehberinizdir! \u00dccretsiz oynay\u0131n, \u00e7e\u015fitli slotlar\u0131n keyfini \u00e7\u0131kar\u0131n ve","robots":{"index":"index","follow":"follow","max-snippet":"max-snippet:-1","max-image-preview":"max-image-preview:large","max-video-preview":"max-video-preview:-1"},"canonical":"https:\/\/bgaming-games.com\/tr\/about-us\/","og_locale":"tr_TR","og_type":"article","og_title":"Hakk\u0131m\u0131zda - BGaming Slotlar\u0131 T\u00fcrkiye","og_description":"BGaming Games, sizi BGaming sa\u011flay\u0131c\u0131s\u0131ndan heyecan verici oyun d\u00fcnyas\u0131na g\u00f6t\u00fcren rehberinizdir! \u00dccretsiz oynay\u0131n, \u00e7e\u015fitli slotlar\u0131n keyfini \u00e7\u0131kar\u0131n ve","og_url":"https:\/\/bgaming-games.com\/tr\/about-us\/","og_site_name":"BGaming Slotlar\u0131 T\u00fcrkiye","article_modified_time":"2025-01-26T17:24:01+00:00","twitter_card":"summary_large_image","twitter_misc":{"Tahmini okuma s\u00fcresi":"2 dakika"},"schema":{"@context":"https:\/\/schema.org","@graph":[{"@type":"WebPage","@id":"https:\/\/bgaming-games.com\/tr\/about-us\/","url":"https:\/\/bgaming-games.com\/tr\/about-us\/","name":"Hakk\u0131m\u0131zda - BGaming Slotlar\u0131 T\u00fcrkiye","isPartOf":{"@id":"https:\/\/bgaming-games.com\/tr\/#website"},"datePublished":"2025-01-26T16:44:59+00:00","dateModified":"2025-01-26T17:24:01+00:00","description":"BGaming Games, sizi BGaming sa\u011flay\u0131c\u0131s\u0131ndan heyecan verici oyun d\u00fcnyas\u0131na g\u00f6t\u00fcren rehberinizdir! \u00dccretsiz oynay\u0131n, \u00e7e\u015fitli slotlar\u0131n keyfini \u00e7\u0131kar\u0131n ve","breadcrumb":{"@id":"https:\/\/bgaming-games.com\/tr\/about-us\/#breadcrumb"},"inLanguage":"tr","potentialAction":[{"@type":"ReadAction","target":["https:\/\/bgaming-games.com\/tr\/about-us\/"]}]},{"@type":"BreadcrumbList","@id":"https:\/\/bgaming-games.com\/tr\/about-us\/#breadcrumb","itemListElement":[{"@type":"ListItem","position":1,"name":"\u0413\u043b\u0430\u0432\u043d\u0430\u044f \u0441\u0442\u0440\u0430\u043d\u0438\u0446\u0430","item":"https:\/\/bgaming-games.com\/tr\/"},{"@type":"ListItem","position":2,"name":"Hakk\u0131m\u0131zda"}]},{"@type":"WebSite","@id":"https:\/\/bgaming-games.com\/tr\/#website","url":"https:\/\/bgaming-games.com\/tr\/","name":"BGaming Slotlar\u0131 T\u00fcrkiye","description":"","potentialAction":[{"@type":"SearchAction","target":{"@type":"EntryPoint","urlTemplate":"https:\/\/bgaming-games.com\/tr\/?s={search_term_string}"},"query-input":{"@type":"PropertyValueSpecification","valueRequired":true,"valueName":"search_term_string"}}],"inLanguage":"tr"}]}},"_links":{"self":[{"href":"https:\/\/bgaming-games.com\/tr\/wp-json\/wp\/v2\/pages\/330","targetHints":{"allow":["GET"]}}],"collection":[{"href":"https:\/\/bgaming-games.com\/tr\/wp-json\/wp\/v2\/pages"}],"about":[{"href":"https:\/\/bgaming-games.com\/tr\/wp-json\/wp\/v2\/types\/page"}],"author":[{"embeddable":true,"href":"https:\/\/bgaming-games.com\/tr\/wp-json\/wp\/v2\/users\/1"}],"replies":[{"embeddable":true,"href":"https:\/\/bgaming-games.com\/tr\/wp-json\/wp\/v2\/comments?post=330"}],"version-history":[{"count":3,"href":"https:\/\/bgaming-games.com\/tr\/wp-json\/wp\/v2\/pages\/330\/revisions"}],"predecessor-version":[{"id":336,"href":"https:\/\/bgaming-games.com\/tr\/wp-json\/wp\/v2\/pages\/330\/revisions\/336"}],"wp:attachment":[{"href":"https:\/\/bgaming-games.com\/tr\/wp-json\/wp\/v2\/media?parent=330"}],"wp:term":[{"taxonomy":"category","embeddable":true,"href":"https:\/\/bgaming-games.com\/tr\/wp-json\/wp\/v2\/categories?post=330"},{"taxonomy":"post_tag","embeddable":true,"href":"https:\/\/bgaming-games.com\/tr\/wp-json\/wp\/v2\/tags?post=330"}],"curies":[{"name":"wp","href":"https:\/\/api.w.org\/{rel}","templated":true}]}}