{"id":201,"date":"2025-01-26T14:44:45","date_gmt":"2025-01-26T11:44:45","guid":{"rendered":"https:\/\/bgaming-games.com\/tr\/gift-rush\/"},"modified":"2025-01-26T14:44:45","modified_gmt":"2025-01-26T11:44:45","slug":"gift-rush","status":"publish","type":"page","link":"https:\/\/bgaming-games.com\/tr\/gift-rush\/","title":{"rendered":"Gift Rush"},"content":{"rendered":"","protected":false},"excerpt":{"rendered":"","protected":false},"author":1,"featured_media":208,"parent":0,"menu_order":0,"comment_status":"open","ping_status":"open","template":"page-slot-tr.php","meta":{"footnotes":""},"categories":[],"tags":[5],"class_list":["post-201","page","type-page","status-publish","has-post-thumbnail","hentry","tag-slot"],"yoast_head":"<!-- This site is optimized with the Yoast SEO plugin v24.1 - https:\/\/yoast.com\/wordpress\/plugins\/seo\/ -->\n<title>Gift Rush (BGaming) Slot \u0130ncelemesi \u1408 \u00dccretsiz Demo Oyna<\/title>\n<meta name=\"description\" content=\"Gift Rush slotu, BGaming taraf\u0131ndan sunulan, 3x3 d\u00fczen, Orta volatilite, RTP 96.07%, 5 \u00f6deme hatt\u0131 ve bahsinizin 499 kat\u0131na kadar Maksimum Kazan\u00e7 sunar. \u0130ncelemeyi okuyun ve \u00dccretsiz Demo oynay\u0131n!\" \/>\n<meta name=\"robots\" content=\"index, follow, max-snippet:-1, max-image-preview:large, max-video-preview:-1\" \/>\n<link rel=\"canonical\" href=\"https:\/\/bgaming-games.com\/tr\/gift-rush\/\" \/>\n<meta property=\"og:locale\" content=\"tr_TR\" \/>\n<meta property=\"og:type\" content=\"article\" \/>\n<meta property=\"og:title\" content=\"Gift Rush (BGaming) Slot \u0130ncelemesi \u1408 \u00dccretsiz Demo Oyna\" \/>\n<meta property=\"og:description\" content=\"Gift Rush slotu, BGaming taraf\u0131ndan sunulan, 3x3 d\u00fczen, Orta volatilite, RTP 96.07%, 5 \u00f6deme hatt\u0131 ve bahsinizin 499 kat\u0131na kadar Maksimum Kazan\u00e7 sunar. \u0130ncelemeyi okuyun ve \u00dccretsiz Demo oynay\u0131n!\" \/>\n<meta property=\"og:url\" content=\"https:\/\/bgaming-games.com\/tr\/gift-rush\/\" \/>\n<meta property=\"og:site_name\" content=\"BGaming Slotlar\u0131 T\u00fcrkiye\" \/>\n<meta name=\"twitter:card\" content=\"summary_large_image\" \/>\n<script type=\"application\/ld+json\" class=\"yoast-schema-graph\">{\"@context\":\"https:\/\/schema.org\",\"@graph\":[{\"@type\":\"WebPage\",\"@id\":\"https:\/\/bgaming-games.com\/tr\/gift-rush\/\",\"url\":\"https:\/\/bgaming-games.com\/tr\/gift-rush\/\",\"name\":\"Gift Rush (BGaming) Slot \u0130ncelemesi \u1408 \u00dccretsiz Demo Oyna\",\"isPartOf\":{\"@id\":\"https:\/\/bgaming-games.com\/tr\/#website\"},\"primaryImageOfPage\":{\"@id\":\"https:\/\/bgaming-games.com\/tr\/gift-rush\/#primaryimage\"},\"image\":{\"@id\":\"https:\/\/bgaming-games.com\/tr\/gift-rush\/#primaryimage\"},\"thumbnailUrl\":\"https:\/\/bgaming-games.com\/tr\/wp-content\/uploads\/sites\/3\/2025\/01\/gift-rush-slot-bgaming.jpg\",\"datePublished\":\"2025-01-26T11:44:45+00:00\",\"dateModified\":\"2025-01-26T11:44:45+00:00\",\"description\":\"Gift Rush slotu, BGaming taraf\u0131ndan sunulan, 3x3 d\u00fczen, Orta volatilite, RTP 96.07%, 5 \u00f6deme hatt\u0131 ve bahsinizin 499 kat\u0131na kadar Maksimum Kazan\u00e7 sunar. \u0130ncelemeyi okuyun ve \u00dccretsiz Demo oynay\u0131n!\",\"breadcrumb\":{\"@id\":\"https:\/\/bgaming-games.com\/tr\/gift-rush\/#breadcrumb\"},\"inLanguage\":\"tr\",\"potentialAction\":[{\"@type\":\"ReadAction\",\"target\":[\"https:\/\/bgaming-games.com\/tr\/gift-rush\/\"]}]},{\"@type\":\"ImageObject\",\"inLanguage\":\"tr\",\"@id\":\"https:\/\/bgaming-games.com\/tr\/gift-rush\/#primaryimage\",\"url\":\"https:\/\/bgaming-games.com\/tr\/wp-content\/uploads\/sites\/3\/2025\/01\/gift-rush-slot-bgaming.jpg\",\"contentUrl\":\"https:\/\/bgaming-games.com\/tr\/wp-content\/uploads\/sites\/3\/2025\/01\/gift-rush-slot-bgaming.jpg\",\"width\":900,\"height\":600},{\"@type\":\"BreadcrumbList\",\"@id\":\"https:\/\/bgaming-games.com\/tr\/gift-rush\/#breadcrumb\",\"itemListElement\":[{\"@type\":\"ListItem\",\"position\":1,\"name\":\"\u0413\u043b\u0430\u0432\u043d\u0430\u044f \u0441\u0442\u0440\u0430\u043d\u0438\u0446\u0430\",\"item\":\"https:\/\/bgaming-games.com\/tr\/\"},{\"@type\":\"ListItem\",\"position\":2,\"name\":\"Gift Rush\"}]},{\"@type\":\"WebSite\",\"@id\":\"https:\/\/bgaming-games.com\/tr\/#website\",\"url\":\"https:\/\/bgaming-games.com\/tr\/\",\"name\":\"BGaming Slotlar\u0131 T\u00fcrkiye\",\"description\":\"\",\"potentialAction\":[{\"@type\":\"SearchAction\",\"target\":{\"@type\":\"EntryPoint\",\"urlTemplate\":\"https:\/\/bgaming-games.com\/tr\/?s={search_term_string}\"},\"query-input\":{\"@type\":\"PropertyValueSpecification\",\"valueRequired\":true,\"valueName\":\"search_term_string\"}}],\"inLanguage\":\"tr\"}]}<\/script>\n<!-- \/ Yoast SEO plugin. -->","yoast_head_json":{"title":"Gift Rush (BGaming) Slot \u0130ncelemesi \u1408 \u00dccretsiz Demo Oyna","description":"Gift Rush slotu, BGaming taraf\u0131ndan sunulan, 3x3 d\u00fczen, Orta volatilite, RTP 96.07%, 5 \u00f6deme hatt\u0131 ve bahsinizin 499 kat\u0131na kadar Maksimum Kazan\u00e7 sunar. \u0130ncelemeyi okuyun ve \u00dccretsiz Demo oynay\u0131n!","robots":{"index":"index","follow":"follow","max-snippet":"max-snippet:-1","max-image-preview":"max-image-preview:large","max-video-preview":"max-video-preview:-1"},"canonical":"https:\/\/bgaming-games.com\/tr\/gift-rush\/","og_locale":"tr_TR","og_type":"article","og_title":"Gift Rush (BGaming) Slot \u0130ncelemesi \u1408 \u00dccretsiz Demo Oyna","og_description":"Gift Rush slotu, BGaming taraf\u0131ndan sunulan, 3x3 d\u00fczen, Orta volatilite, RTP 96.07%, 5 \u00f6deme hatt\u0131 ve bahsinizin 499 kat\u0131na kadar Maksimum Kazan\u00e7 sunar. \u0130ncelemeyi okuyun ve \u00dccretsiz Demo oynay\u0131n!","og_url":"https:\/\/bgaming-games.com\/tr\/gift-rush\/","og_site_name":"BGaming Slotlar\u0131 T\u00fcrkiye","twitter_card":"summary_large_image","schema":{"@context":"https:\/\/schema.org","@graph":[{"@type":"WebPage","@id":"https:\/\/bgaming-games.com\/tr\/gift-rush\/","url":"https:\/\/bgaming-games.com\/tr\/gift-rush\/","name":"Gift Rush (BGaming) Slot \u0130ncelemesi \u1408 \u00dccretsiz Demo Oyna","isPartOf":{"@id":"https:\/\/bgaming-games.com\/tr\/#website"},"primaryImageOfPage":{"@id":"https:\/\/bgaming-games.com\/tr\/gift-rush\/#primaryimage"},"image":{"@id":"https:\/\/bgaming-games.com\/tr\/gift-rush\/#primaryimage"},"thumbnailUrl":"https:\/\/bgaming-games.com\/tr\/wp-content\/uploads\/sites\/3\/2025\/01\/gift-rush-slot-bgaming.jpg","datePublished":"2025-01-26T11:44:45+00:00","dateModified":"2025-01-26T11:44:45+00:00","description":"Gift Rush slotu, BGaming taraf\u0131ndan sunulan, 3x3 d\u00fczen, Orta volatilite, RTP 96.07%, 5 \u00f6deme hatt\u0131 ve bahsinizin 499 kat\u0131na kadar Maksimum Kazan\u00e7 sunar. \u0130ncelemeyi okuyun ve \u00dccretsiz Demo oynay\u0131n!","breadcrumb":{"@id":"https:\/\/bgaming-games.com\/tr\/gift-rush\/#breadcrumb"},"inLanguage":"tr","potentialAction":[{"@type":"ReadAction","target":["https:\/\/bgaming-games.com\/tr\/gift-rush\/"]}]},{"@type":"ImageObject","inLanguage":"tr","@id":"https:\/\/bgaming-games.com\/tr\/gift-rush\/#primaryimage","url":"https:\/\/bgaming-games.com\/tr\/wp-content\/uploads\/sites\/3\/2025\/01\/gift-rush-slot-bgaming.jpg","contentUrl":"https:\/\/bgaming-games.com\/tr\/wp-content\/uploads\/sites\/3\/2025\/01\/gift-rush-slot-bgaming.jpg","width":900,"height":600},{"@type":"BreadcrumbList","@id":"https:\/\/bgaming-games.com\/tr\/gift-rush\/#breadcrumb","itemListElement":[{"@type":"ListItem","position":1,"name":"\u0413\u043b\u0430\u0432\u043d\u0430\u044f \u0441\u0442\u0440\u0430\u043d\u0438\u0446\u0430","item":"https:\/\/bgaming-games.com\/tr\/"},{"@type":"ListItem","position":2,"name":"Gift Rush"}]},{"@type":"WebSite","@id":"https:\/\/bgaming-games.com\/tr\/#website","url":"https:\/\/bgaming-games.com\/tr\/","name":"BGaming Slotlar\u0131 T\u00fcrkiye","description":"","potentialAction":[{"@type":"SearchAction","target":{"@type":"EntryPoint","urlTemplate":"https:\/\/bgaming-games.com\/tr\/?s={search_term_string}"},"query-input":{"@type":"PropertyValueSpecification","valueRequired":true,"valueName":"search_term_string"}}],"inLanguage":"tr"}]}},"_links":{"self":[{"href":"https:\/\/bgaming-games.com\/tr\/wp-json\/wp\/v2\/pages\/201","targetHints":{"allow":["GET"]}}],"collection":[{"href":"https:\/\/bgaming-games.com\/tr\/wp-json\/wp\/v2\/pages"}],"about":[{"href":"https:\/\/bgaming-games.com\/tr\/wp-json\/wp\/v2\/types\/page"}],"author":[{"embeddable":true,"href":"https:\/\/bgaming-games.com\/tr\/wp-json\/wp\/v2\/users\/1"}],"replies":[{"embeddable":true,"href":"https:\/\/bgaming-games.com\/tr\/wp-json\/wp\/v2\/comments?post=201"}],"version-history":[{"count":0,"href":"https:\/\/bgaming-games.com\/tr\/wp-json\/wp\/v2\/pages\/201\/revisions"}],"wp:featuredmedia":[{"embeddable":true,"href":"https:\/\/bgaming-games.com\/tr\/wp-json\/wp\/v2\/media\/208"}],"wp:attachment":[{"href":"https:\/\/bgaming-games.com\/tr\/wp-json\/wp\/v2\/media?parent=201"}],"wp:term":[{"taxonomy":"category","embeddable":true,"href":"https:\/\/bgaming-games.com\/tr\/wp-json\/wp\/v2\/categories?post=201"},{"taxonomy":"post_tag","embeddable":true,"href":"https:\/\/bgaming-games.com\/tr\/wp-json\/wp\/v2\/tags?post=201"}],"curies":[{"name":"wp","href":"https:\/\/api.w.org\/{rel}","templated":true}]}}