{"id":2,"date":"2025-01-09T12:47:56","date_gmt":"2025-01-09T09:47:56","guid":{"rendered":"https:\/\/bgaming-games.com\/tr\/?page_id=2"},"modified":"2025-01-26T19:42:31","modified_gmt":"2025-01-26T16:42:31","slug":"sample-page","status":"publish","type":"page","link":"https:\/\/bgaming-games.com\/tr\/","title":{"rendered":"BGaming Slotlar\u0131 ve Casino Oyunlar\u0131"},"content":{"rendered":"<h2>Sa\u011flay\u0131c\u0131 Hakk\u0131nda<\/h2>\n<p>BGaming, 2012 y\u0131l\u0131ndan bu yana \u00e7evrimi\u00e7i casino oyunlar\u0131 geli\u015ftirip sunmaktad\u0131r, ancak mevcut ad\u0131n\u0131 \u015eubat 2018\u2019de alm\u0131\u015ft\u0131r. Daha \u00f6nce st\u00fcdyo, SoftSwiss Games markas\u0131 alt\u0131nda, casino ve bahis platformlar\u0131n\u0131 y\u00f6netmek i\u00e7in yaz\u0131l\u0131m \u00e7\u00f6z\u00fcmleri geli\u015ftiren lider \u015firketlerden biri olan SoftSwiss\u2019in bir i\u00e7 birimi olarak faaliyet g\u00f6stermekteydi.<\/p>\n<p>\u015eirketin merkezi Malta\u2019da bulunmakta olup, ek ofisleri Polonya ve G\u00fcrcistan\u2019da yer almaktad\u0131r. Resmi web sitesine g\u00f6re, BGaming oyunlar\u0131 d\u00fcnya genelinde 1600\u2019den fazla \u00e7evrimi\u00e7i casinoda eri\u015filebilir durumdad\u0131r.<\/p>\n<h3>Ana Bilgiler<\/h3>\n<table class=\"table\">\n<tbody>\n<tr>\n<th>Resmi Web Sitesi<\/th>\n<td><a href=\"https:\/\/bgaming.com\/\" target=\"_blank\" rel=\"noopener\">https:\/\/bgaming.com\/<\/a><\/td>\n<\/tr>\n<tr>\n<th>Kurulu\u015f Tarihi<\/th>\n<td>2018<\/td>\n<\/tr>\n<tr>\n<th>Merkez<\/th>\n<td>Malta<\/td>\n<\/tr>\n<tr>\n<th>Oyun Kategorileri<\/th>\n<td>Slotlar, Masa Oyunlar\u0131, Mini ve Crash Oyunlar, Kaz\u0131 Kazan Kartlar\u0131, Piyangolar<\/td>\n<\/tr>\n<tr>\n<th>Toplam Oyun Say\u0131s\u0131<\/th>\n<td>232<\/td>\n<\/tr>\n<tr>\n<th>Slot Say\u0131s\u0131<\/th>\n<td>179<\/td>\n<\/tr>\n<tr>\n<th>BGaming Oyunlar\u0131n\u0131 Sunan Casinolar<\/th>\n<td>1,600&#8217;den Fazla<\/td>\n<\/tr>\n<tr>\n<th>Para Birimleri<\/th>\n<td>T\u00fcm Fiat Para Birimleri ve Kripto Paralar<\/td>\n<\/tr>\n<tr>\n<th>Pop\u00fcler \u00dclkeler<\/th>\n<td>T\u00fcrkiye, Azerbaycan, Rusya, Kazakistan, Belarus, Ukrayna, Avrupa, Latin Amerika, Kanada, Yeni Zelanda, ABD, Birle\u015fik Krall\u0131k<\/td>\n<\/tr>\n<tr>\n<th>Kurucu<\/th>\n<td>Ivan Montik<\/td>\n<\/tr>\n<\/tbody>\n<\/table>\n<h2>BGaming Slot ve Oyunlar\u0131n\u0131n Tercih Edilme Nedenleri<\/h2>\n<p>BGaming slotlar\u0131, pop\u00fcler \u00e7evrimi\u00e7i casinolar\u0131n lobi alanlar\u0131nda \u00f6ne \u00e7\u0131kan bir yer tutar. Her oyun, oyuncular\u0131n tercihlerine g\u00f6re titizlikle geli\u015ftirilir ve \u015firket, iGaming sekt\u00f6r\u00fcnde bir\u00e7ok kez \u00f6d\u00fcllere ve adayl\u0131klara lay\u0131k g\u00f6r\u00fclm\u00fc\u015ft\u00fcr. \u0130\u015fte BGaming&#8217;in \u015fans oyunlar\u0131 sekt\u00f6r\u00fcnde lider konumunu korumas\u0131n\u0131n birka\u00e7 nedeni:<\/p>\n<ul>\n<li>St\u00fcdyo, oyuncular\u0131n her turun adil olup olmad\u0131\u011f\u0131n\u0131 kendilerinin kontrol edebilmesini sa\u011flayan \u201ckan\u0131tlanabilir adillik\u201d teknolojisini ilk kullananlardan biridir.<\/li>\n<li>T\u00fcm \u00fcr\u00fcnler, \u00e7evrimi\u00e7i oyun sekt\u00f6r\u00fcnde akreditasyon ve kalite kontrol\u00fc konusunda uzmanla\u015fm\u0131\u015f iTech Labs ve BMM Testlabs gibi sayg\u0131n kurulu\u015flar taraf\u0131ndan test edilip sertifikaland\u0131r\u0131lm\u0131\u015ft\u0131r.<\/li>\n<li>BGaming, Malta (MGA), Cura\u00e7ao, Yunanistan ve Romanya gibi \u00f6nemli yarg\u0131 b\u00f6lgelerinde lisanslara sahiptir, bu da \u015firketin d\u00fcnya \u00e7ap\u0131nda faaliyet g\u00f6stermesine ve b\u00fcy\u00fck operat\u00f6rlerin g\u00fcvenini kazanmas\u0131na olanak tan\u0131r.<\/li>\n<li>SoftSwiss\u2019in (\u015fu anda Evolution b\u00fcnyesinde) bir par\u00e7as\u0131 olan BGaming, oyunlar\u0131na blok zinciri teknolojisini entegre eden ilk \u015firketlerden biri olmu\u015ftur. Bu sayede, oyuncular hem geleneksel fiat para birimleri hem de pop\u00fcler kripto para birimleriyle bahis yapabilmektedir.<\/li>\n<\/ul>\n<h2>BGaming Slotlar\u0131n\u0131n \u00d6zellikleri<\/h2>\n<h3>Y\u00fcksek RTP<\/h3>\n<p>BGaming slotlar\u0131, %97 ve \u00fczeri oyuncuya d\u00f6n\u00fc\u015f oran\u0131 (RTP) sunarak end\u00fcstri ortalamas\u0131 olan %95\u201396\u2019y\u0131 a\u015far. Bu y\u00fcksek RTP oran\u0131, BGaming oyunlar\u0131n\u0131 oyuncular i\u00e7in \u00f6zellikle cazip hale getirir.<\/p>\n<h3>E\u015fsiz \u00d6zellikler ve Mekanikler<\/h3>\n<p>BGaming, \u00fccretsiz d\u00f6nd\u00fcrmeler, jackpotlar, Megaways, k\u00fcmeler, kaskadlar ve bonus oyun sat\u0131n alma gibi standart mekaniklerin yan\u0131 s\u0131ra, oyun deneyimini geli\u015ftiren benzersiz \u00f6zellikler sunar:<\/p>\n<ul>\n<li>Multi Dice X: An\u0131nda kazan\u00e7 sa\u011flayan \u00f6zel zar sembolleri.<\/li>\n<li>Merge Up: Birden fazla sembol\u00fc birle\u015ftirerek \u00e7arpan\u0131 art\u0131ran mekanik.<\/li>\n<li>TrueWays: Megaways\u2019e alternatif olarak 262.144\u2019e kadar kazanma yolu sunan sistem.<\/li>\n<li>Oyun \u0130\u00e7i Gamifikasyon: Oyun s\u0131ras\u0131nda \u00f6zel g\u00f6revler ve ba\u015far\u0131lar tamamlanarak \u00f6d\u00fcller kazanmay\u0131 sa\u011flayan sistem.<\/li>\n<\/ul>\n<h2>Oyun \u00c7e\u015fitlili\u011fi, Temalar ve Slot Serileri<\/h2>\n<p>BGaming ba\u015flang\u0131\u00e7ta Antik M\u0131s\u0131r ve Antik Yunan gibi klasik temalara sahip, 5 makaral\u0131 ve sabit \u00f6deme hatlar\u0131 bulunan slotlar geli\u015ftirdi. Zamanla portf\u00f6y\u00fcn\u00fc geni\u015fleterek Megaways ve TrueWays gibi yenilik\u00e7i mekaniklere ve \u00e7e\u015fitli benzersiz \u00f6zelliklere sahip oyunlar\u0131 da dahil etti.<\/p>\n<p>G\u00fcn\u00fcm\u00fczde oyuncular, unutulmaz karakterler ve farkl\u0131 temalarla zenginle\u015ftirilmi\u015f slotlar\u0131n keyfini \u00e7\u0131karabilirler. \u00d6rne\u011fin, birka\u00e7 oyunda maceralar\u0131 anlat\u0131lan Elvis Kurba\u011fa gibi karakterler \u00f6ne \u00e7\u0131k\u0131yor. Ayr\u0131ca BGaming, g\u00fcn\u00fcm\u00fczde en pop\u00fcler casino oyunlar\u0131ndan biri olan Plinko\u2019nun da geli\u015ftiricisidir.<\/p>\n<h2>Sa\u011flay\u0131c\u0131n\u0131n \u00d6d\u00fclleri<\/h2>\n<table>\n<thead>\n<tr>\n<th>Y\u0131l<\/th>\n<th>\u00d6d\u00fcl<\/th>\n<th>Adayl\u0131k<\/th>\n<\/tr>\n<\/thead>\n<tbody>\n<tr>\n<td>2024<\/td>\n<td>SBC Awards<\/td>\n<td>Y\u0131l\u0131n En \u0130yi Sa\u011flay\u0131c\u0131s\u0131<\/td>\n<\/tr>\n<tr>\n<td>2024<\/td>\n<td>SBC Awards<\/td>\n<td>Y\u0131l\u0131n \u00dcr\u00fcn Y\u00f6neticisi<\/td>\n<\/tr>\n<tr>\n<td>2023<\/td>\n<td>EiGE Awards<\/td>\n<td>En \u0130yi Casino Oyun Geli\u015ftiricisi<\/td>\n<\/tr>\n<tr>\n<td>2023<\/td>\n<td>EiGE Awards<\/td>\n<td>iGaming Teknolojilerinde Yenilik<\/td>\n<\/tr>\n<tr>\n<td>2023<\/td>\n<td>SBC Awards<\/td>\n<td>Y\u0131l\u0131n Lideri \u2013 Marina Ostrovtsova<\/td>\n<\/tr>\n<tr>\n<td>2023<\/td>\n<td>SBC Awards<\/td>\n<td>Mobil Kumar Oynama Alan\u0131nda Yenilik<\/td>\n<\/tr>\n<tr>\n<td>2023<\/td>\n<td>Global Gaming Awards<\/td>\n<td>&#8220;Y\u0131l\u0131n Slotu&#8221; Finalisti<\/td>\n<\/tr>\n<tr>\n<td>2022<\/td>\n<td>AskGamblers Awards<\/td>\n<td>En \u0130yi Yeni Slot<\/td>\n<\/tr>\n<\/tbody>\n<\/table>\n","protected":false},"excerpt":{"rendered":"<p>Sa\u011flay\u0131c\u0131 Hakk\u0131nda BGaming, 2012 y\u0131l\u0131ndan bu yana \u00e7evrimi\u00e7i casino oyunlar\u0131 geli\u015ftirip sunmaktad\u0131r, ancak mevcut ad\u0131n\u0131 \u015eubat 2018\u2019de alm\u0131\u015ft\u0131r. Daha \u00f6nce st\u00fcdyo, SoftSwiss Games markas\u0131 alt\u0131nda, casino ve bahis platformlar\u0131n\u0131 y\u00f6netmek i\u00e7in yaz\u0131l\u0131m \u00e7\u00f6z\u00fcmleri geli\u015ftiren lider \u015firketlerden biri olan SoftSwiss\u2019in bir i\u00e7 birimi olarak faaliyet g\u00f6stermekteydi. \u015eirketin merkezi Malta\u2019da bulunmakta olup, ek ofisleri Polonya ve G\u00fcrcistan\u2019da [&hellip;]<\/p>\n","protected":false},"author":1,"featured_media":0,"parent":0,"menu_order":0,"comment_status":"closed","ping_status":"open","template":"page-custom-tr.php","meta":{"footnotes":""},"categories":[],"tags":[],"class_list":["post-2","page","type-page","status-publish","hentry"],"yoast_head":"<!-- This site is optimized with the Yoast SEO plugin v24.1 - https:\/\/yoast.com\/wordpress\/plugins\/seo\/ -->\n<title>BGaming Slotlar\u0131 ve Casino Oyunlar\u0131 \u1408 \u00dccretsiz veya Ger\u00e7ek Parayla Oynay\u0131n<\/title>\n<meta name=\"description\" content=\"T\u00fcm BGaming Slotlar\u0131 ve Casino Oyunlar\u0131n\u0131 Demo modunda \u00fccretsiz oynay\u0131n. Slot incelemeleri ve ger\u00e7ek parayla oynamak i\u00e7in en iyi bonuslara sahip \u00e7evrimi\u00e7i casinolar\" \/>\n<meta name=\"robots\" content=\"index, follow, max-snippet:-1, max-image-preview:large, max-video-preview:-1\" \/>\n<link rel=\"canonical\" href=\"https:\/\/bgaming-games.com\/tr\/\" \/>\n<meta property=\"og:locale\" content=\"tr_TR\" \/>\n<meta property=\"og:type\" content=\"article\" \/>\n<meta property=\"og:title\" content=\"BGaming Slotlar\u0131 ve Casino Oyunlar\u0131 \u1408 \u00dccretsiz veya Ger\u00e7ek Parayla Oynay\u0131n\" \/>\n<meta property=\"og:description\" content=\"T\u00fcm BGaming Slotlar\u0131 ve Casino Oyunlar\u0131n\u0131 Demo modunda \u00fccretsiz oynay\u0131n. Slot incelemeleri ve ger\u00e7ek parayla oynamak i\u00e7in en iyi bonuslara sahip \u00e7evrimi\u00e7i casinolar\" \/>\n<meta property=\"og:url\" content=\"https:\/\/bgaming-games.com\/tr\/\" \/>\n<meta property=\"og:site_name\" content=\"BGaming Slotlar\u0131 T\u00fcrkiye\" \/>\n<meta property=\"article:modified_time\" content=\"2025-01-26T16:42:31+00:00\" \/>\n<meta name=\"twitter:card\" content=\"summary_large_image\" \/>\n<meta name=\"twitter:label1\" content=\"Tahmini okuma s\u00fcresi\" \/>\n\t<meta name=\"twitter:data1\" content=\"4 dakika\" \/>\n<script type=\"application\/ld+json\" class=\"yoast-schema-graph\">{\"@context\":\"https:\/\/schema.org\",\"@graph\":[{\"@type\":\"WebPage\",\"@id\":\"https:\/\/bgaming-games.com\/tr\/\",\"url\":\"https:\/\/bgaming-games.com\/tr\/\",\"name\":\"BGaming Slotlar\u0131 ve Casino Oyunlar\u0131 \u1408 \u00dccretsiz veya Ger\u00e7ek Parayla Oynay\u0131n\",\"isPartOf\":{\"@id\":\"https:\/\/bgaming-games.com\/tr\/#website\"},\"datePublished\":\"2025-01-09T09:47:56+00:00\",\"dateModified\":\"2025-01-26T16:42:31+00:00\",\"description\":\"T\u00fcm BGaming Slotlar\u0131 ve Casino Oyunlar\u0131n\u0131 Demo modunda \u00fccretsiz oynay\u0131n. Slot incelemeleri ve ger\u00e7ek parayla oynamak i\u00e7in en iyi bonuslara sahip \u00e7evrimi\u00e7i casinolar\",\"breadcrumb\":{\"@id\":\"https:\/\/bgaming-games.com\/tr\/#breadcrumb\"},\"inLanguage\":\"tr\",\"potentialAction\":[{\"@type\":\"ReadAction\",\"target\":[\"https:\/\/bgaming-games.com\/tr\/\"]}]},{\"@type\":\"BreadcrumbList\",\"@id\":\"https:\/\/bgaming-games.com\/tr\/#breadcrumb\",\"itemListElement\":[{\"@type\":\"ListItem\",\"position\":1,\"name\":\"\u0413\u043b\u0430\u0432\u043d\u0430\u044f \u0441\u0442\u0440\u0430\u043d\u0438\u0446\u0430\",\"item\":\"https:\/\/bgaming-games.com\/tr\/\"},{\"@type\":\"ListItem\",\"position\":2,\"name\":\"BGaming Slotlar\u0131 ve Casino Oyunlar\u0131\"}]},{\"@type\":\"WebSite\",\"@id\":\"https:\/\/bgaming-games.com\/tr\/#website\",\"url\":\"https:\/\/bgaming-games.com\/tr\/\",\"name\":\"BGaming Slotlar\u0131 T\u00fcrkiye\",\"description\":\"\",\"potentialAction\":[{\"@type\":\"SearchAction\",\"target\":{\"@type\":\"EntryPoint\",\"urlTemplate\":\"https:\/\/bgaming-games.com\/tr\/?s={search_term_string}\"},\"query-input\":{\"@type\":\"PropertyValueSpecification\",\"valueRequired\":true,\"valueName\":\"search_term_string\"}}],\"inLanguage\":\"tr\"}]}<\/script>\n<!-- \/ Yoast SEO plugin. -->","yoast_head_json":{"title":"BGaming Slotlar\u0131 ve Casino Oyunlar\u0131 \u1408 \u00dccretsiz veya Ger\u00e7ek Parayla Oynay\u0131n","description":"T\u00fcm BGaming Slotlar\u0131 ve Casino Oyunlar\u0131n\u0131 Demo modunda \u00fccretsiz oynay\u0131n. Slot incelemeleri ve ger\u00e7ek parayla oynamak i\u00e7in en iyi bonuslara sahip \u00e7evrimi\u00e7i casinolar","robots":{"index":"index","follow":"follow","max-snippet":"max-snippet:-1","max-image-preview":"max-image-preview:large","max-video-preview":"max-video-preview:-1"},"canonical":"https:\/\/bgaming-games.com\/tr\/","og_locale":"tr_TR","og_type":"article","og_title":"BGaming Slotlar\u0131 ve Casino Oyunlar\u0131 \u1408 \u00dccretsiz veya Ger\u00e7ek Parayla Oynay\u0131n","og_description":"T\u00fcm BGaming Slotlar\u0131 ve Casino Oyunlar\u0131n\u0131 Demo modunda \u00fccretsiz oynay\u0131n. Slot incelemeleri ve ger\u00e7ek parayla oynamak i\u00e7in en iyi bonuslara sahip \u00e7evrimi\u00e7i casinolar","og_url":"https:\/\/bgaming-games.com\/tr\/","og_site_name":"BGaming Slotlar\u0131 T\u00fcrkiye","article_modified_time":"2025-01-26T16:42:31+00:00","twitter_card":"summary_large_image","twitter_misc":{"Tahmini okuma s\u00fcresi":"4 dakika"},"schema":{"@context":"https:\/\/schema.org","@graph":[{"@type":"WebPage","@id":"https:\/\/bgaming-games.com\/tr\/","url":"https:\/\/bgaming-games.com\/tr\/","name":"BGaming Slotlar\u0131 ve Casino Oyunlar\u0131 \u1408 \u00dccretsiz veya Ger\u00e7ek Parayla Oynay\u0131n","isPartOf":{"@id":"https:\/\/bgaming-games.com\/tr\/#website"},"datePublished":"2025-01-09T09:47:56+00:00","dateModified":"2025-01-26T16:42:31+00:00","description":"T\u00fcm BGaming Slotlar\u0131 ve Casino Oyunlar\u0131n\u0131 Demo modunda \u00fccretsiz oynay\u0131n. Slot incelemeleri ve ger\u00e7ek parayla oynamak i\u00e7in en iyi bonuslara sahip \u00e7evrimi\u00e7i casinolar","breadcrumb":{"@id":"https:\/\/bgaming-games.com\/tr\/#breadcrumb"},"inLanguage":"tr","potentialAction":[{"@type":"ReadAction","target":["https:\/\/bgaming-games.com\/tr\/"]}]},{"@type":"BreadcrumbList","@id":"https:\/\/bgaming-games.com\/tr\/#breadcrumb","itemListElement":[{"@type":"ListItem","position":1,"name":"\u0413\u043b\u0430\u0432\u043d\u0430\u044f \u0441\u0442\u0440\u0430\u043d\u0438\u0446\u0430","item":"https:\/\/bgaming-games.com\/tr\/"},{"@type":"ListItem","position":2,"name":"BGaming Slotlar\u0131 ve Casino Oyunlar\u0131"}]},{"@type":"WebSite","@id":"https:\/\/bgaming-games.com\/tr\/#website","url":"https:\/\/bgaming-games.com\/tr\/","name":"BGaming Slotlar\u0131 T\u00fcrkiye","description":"","potentialAction":[{"@type":"SearchAction","target":{"@type":"EntryPoint","urlTemplate":"https:\/\/bgaming-games.com\/tr\/?s={search_term_string}"},"query-input":{"@type":"PropertyValueSpecification","valueRequired":true,"valueName":"search_term_string"}}],"inLanguage":"tr"}]}},"_links":{"self":[{"href":"https:\/\/bgaming-games.com\/tr\/wp-json\/wp\/v2\/pages\/2","targetHints":{"allow":["GET"]}}],"collection":[{"href":"https:\/\/bgaming-games.com\/tr\/wp-json\/wp\/v2\/pages"}],"about":[{"href":"https:\/\/bgaming-games.com\/tr\/wp-json\/wp\/v2\/types\/page"}],"author":[{"embeddable":true,"href":"https:\/\/bgaming-games.com\/tr\/wp-json\/wp\/v2\/users\/1"}],"replies":[{"embeddable":true,"href":"https:\/\/bgaming-games.com\/tr\/wp-json\/wp\/v2\/comments?post=2"}],"version-history":[{"count":5,"href":"https:\/\/bgaming-games.com\/tr\/wp-json\/wp\/v2\/pages\/2\/revisions"}],"predecessor-version":[{"id":329,"href":"https:\/\/bgaming-games.com\/tr\/wp-json\/wp\/v2\/pages\/2\/revisions\/329"}],"wp:attachment":[{"href":"https:\/\/bgaming-games.com\/tr\/wp-json\/wp\/v2\/media?parent=2"}],"wp:term":[{"taxonomy":"category","embeddable":true,"href":"https:\/\/bgaming-games.com\/tr\/wp-json\/wp\/v2\/categories?post=2"},{"taxonomy":"post_tag","embeddable":true,"href":"https:\/\/bgaming-games.com\/tr\/wp-json\/wp\/v2\/tags?post=2"}],"curies":[{"name":"wp","href":"https:\/\/api.w.org\/{rel}","templated":true}]}}