{"id":146,"date":"2025-01-26T14:44:24","date_gmt":"2025-01-26T11:44:24","guid":{"rendered":"https:\/\/bgaming-games.com\/tr\/merge-up\/"},"modified":"2025-01-26T14:44:24","modified_gmt":"2025-01-26T11:44:24","slug":"merge-up","status":"publish","type":"page","link":"https:\/\/bgaming-games.com\/tr\/merge-up\/","title":{"rendered":"Merge Up"},"content":{"rendered":"","protected":false},"excerpt":{"rendered":"","protected":false},"author":1,"featured_media":257,"parent":0,"menu_order":0,"comment_status":"open","ping_status":"open","template":"page-slot-tr.php","meta":{"footnotes":""},"categories":[],"tags":[5],"class_list":["post-146","page","type-page","status-publish","has-post-thumbnail","hentry","tag-slot"],"yoast_head":"<!-- This site is optimized with the Yoast SEO plugin v24.1 - https:\/\/yoast.com\/wordpress\/plugins\/seo\/ -->\n<title>Merge Up (BGaming) Slot \u0130ncelemesi \u1408 \u00dccretsiz Demo Oyna<\/title>\n<meta name=\"description\" content=\"Merge Up slotu, BGaming taraf\u0131ndan sunulan, 6x6 d\u00fczen, Y\u00fcksek volatilite, RTP 97.25%, K\u00fcme \u00f6demeleri \u00f6deme hatt\u0131 ve bahsinizin 5000 kat\u0131na kadar Maksimum Kazan\u00e7 sunar. \u0130ncelemeyi okuyun ve \u00dccretsiz Demo oynay\u0131n!\" \/>\n<meta name=\"robots\" content=\"index, follow, max-snippet:-1, max-image-preview:large, max-video-preview:-1\" \/>\n<link rel=\"canonical\" href=\"https:\/\/bgaming-games.com\/tr\/merge-up\/\" \/>\n<meta property=\"og:locale\" content=\"tr_TR\" \/>\n<meta property=\"og:type\" content=\"article\" \/>\n<meta property=\"og:title\" content=\"Merge Up (BGaming) Slot \u0130ncelemesi \u1408 \u00dccretsiz Demo Oyna\" \/>\n<meta property=\"og:description\" content=\"Merge Up slotu, BGaming taraf\u0131ndan sunulan, 6x6 d\u00fczen, Y\u00fcksek volatilite, RTP 97.25%, K\u00fcme \u00f6demeleri \u00f6deme hatt\u0131 ve bahsinizin 5000 kat\u0131na kadar Maksimum Kazan\u00e7 sunar. \u0130ncelemeyi okuyun ve \u00dccretsiz Demo oynay\u0131n!\" \/>\n<meta property=\"og:url\" content=\"https:\/\/bgaming-games.com\/tr\/merge-up\/\" \/>\n<meta property=\"og:site_name\" content=\"BGaming Slotlar\u0131 T\u00fcrkiye\" \/>\n<meta name=\"twitter:card\" content=\"summary_large_image\" \/>\n<script type=\"application\/ld+json\" class=\"yoast-schema-graph\">{\"@context\":\"https:\/\/schema.org\",\"@graph\":[{\"@type\":\"WebPage\",\"@id\":\"https:\/\/bgaming-games.com\/tr\/merge-up\/\",\"url\":\"https:\/\/bgaming-games.com\/tr\/merge-up\/\",\"name\":\"Merge Up (BGaming) Slot \u0130ncelemesi \u1408 \u00dccretsiz Demo Oyna\",\"isPartOf\":{\"@id\":\"https:\/\/bgaming-games.com\/tr\/#website\"},\"primaryImageOfPage\":{\"@id\":\"https:\/\/bgaming-games.com\/tr\/merge-up\/#primaryimage\"},\"image\":{\"@id\":\"https:\/\/bgaming-games.com\/tr\/merge-up\/#primaryimage\"},\"thumbnailUrl\":\"https:\/\/bgaming-games.com\/tr\/wp-content\/uploads\/sites\/3\/2025\/01\/merge-up-slot-bgaming.jpg\",\"datePublished\":\"2025-01-26T11:44:24+00:00\",\"dateModified\":\"2025-01-26T11:44:24+00:00\",\"description\":\"Merge Up slotu, BGaming taraf\u0131ndan sunulan, 6x6 d\u00fczen, Y\u00fcksek volatilite, RTP 97.25%, K\u00fcme \u00f6demeleri \u00f6deme hatt\u0131 ve bahsinizin 5000 kat\u0131na kadar Maksimum Kazan\u00e7 sunar. \u0130ncelemeyi okuyun ve \u00dccretsiz Demo oynay\u0131n!\",\"breadcrumb\":{\"@id\":\"https:\/\/bgaming-games.com\/tr\/merge-up\/#breadcrumb\"},\"inLanguage\":\"tr\",\"potentialAction\":[{\"@type\":\"ReadAction\",\"target\":[\"https:\/\/bgaming-games.com\/tr\/merge-up\/\"]}]},{\"@type\":\"ImageObject\",\"inLanguage\":\"tr\",\"@id\":\"https:\/\/bgaming-games.com\/tr\/merge-up\/#primaryimage\",\"url\":\"https:\/\/bgaming-games.com\/tr\/wp-content\/uploads\/sites\/3\/2025\/01\/merge-up-slot-bgaming.jpg\",\"contentUrl\":\"https:\/\/bgaming-games.com\/tr\/wp-content\/uploads\/sites\/3\/2025\/01\/merge-up-slot-bgaming.jpg\",\"width\":900,\"height\":599},{\"@type\":\"BreadcrumbList\",\"@id\":\"https:\/\/bgaming-games.com\/tr\/merge-up\/#breadcrumb\",\"itemListElement\":[{\"@type\":\"ListItem\",\"position\":1,\"name\":\"\u0413\u043b\u0430\u0432\u043d\u0430\u044f \u0441\u0442\u0440\u0430\u043d\u0438\u0446\u0430\",\"item\":\"https:\/\/bgaming-games.com\/tr\/\"},{\"@type\":\"ListItem\",\"position\":2,\"name\":\"Merge Up\"}]},{\"@type\":\"WebSite\",\"@id\":\"https:\/\/bgaming-games.com\/tr\/#website\",\"url\":\"https:\/\/bgaming-games.com\/tr\/\",\"name\":\"BGaming Slotlar\u0131 T\u00fcrkiye\",\"description\":\"\",\"potentialAction\":[{\"@type\":\"SearchAction\",\"target\":{\"@type\":\"EntryPoint\",\"urlTemplate\":\"https:\/\/bgaming-games.com\/tr\/?s={search_term_string}\"},\"query-input\":{\"@type\":\"PropertyValueSpecification\",\"valueRequired\":true,\"valueName\":\"search_term_string\"}}],\"inLanguage\":\"tr\"}]}<\/script>\n<!-- \/ Yoast SEO plugin. -->","yoast_head_json":{"title":"Merge Up (BGaming) Slot \u0130ncelemesi \u1408 \u00dccretsiz Demo Oyna","description":"Merge Up slotu, BGaming taraf\u0131ndan sunulan, 6x6 d\u00fczen, Y\u00fcksek volatilite, RTP 97.25%, K\u00fcme \u00f6demeleri \u00f6deme hatt\u0131 ve bahsinizin 5000 kat\u0131na kadar Maksimum Kazan\u00e7 sunar. \u0130ncelemeyi okuyun ve \u00dccretsiz Demo oynay\u0131n!","robots":{"index":"index","follow":"follow","max-snippet":"max-snippet:-1","max-image-preview":"max-image-preview:large","max-video-preview":"max-video-preview:-1"},"canonical":"https:\/\/bgaming-games.com\/tr\/merge-up\/","og_locale":"tr_TR","og_type":"article","og_title":"Merge Up (BGaming) Slot \u0130ncelemesi \u1408 \u00dccretsiz Demo Oyna","og_description":"Merge Up slotu, BGaming taraf\u0131ndan sunulan, 6x6 d\u00fczen, Y\u00fcksek volatilite, RTP 97.25%, K\u00fcme \u00f6demeleri \u00f6deme hatt\u0131 ve bahsinizin 5000 kat\u0131na kadar Maksimum Kazan\u00e7 sunar. \u0130ncelemeyi okuyun ve \u00dccretsiz Demo oynay\u0131n!","og_url":"https:\/\/bgaming-games.com\/tr\/merge-up\/","og_site_name":"BGaming Slotlar\u0131 T\u00fcrkiye","twitter_card":"summary_large_image","schema":{"@context":"https:\/\/schema.org","@graph":[{"@type":"WebPage","@id":"https:\/\/bgaming-games.com\/tr\/merge-up\/","url":"https:\/\/bgaming-games.com\/tr\/merge-up\/","name":"Merge Up (BGaming) Slot \u0130ncelemesi \u1408 \u00dccretsiz Demo Oyna","isPartOf":{"@id":"https:\/\/bgaming-games.com\/tr\/#website"},"primaryImageOfPage":{"@id":"https:\/\/bgaming-games.com\/tr\/merge-up\/#primaryimage"},"image":{"@id":"https:\/\/bgaming-games.com\/tr\/merge-up\/#primaryimage"},"thumbnailUrl":"https:\/\/bgaming-games.com\/tr\/wp-content\/uploads\/sites\/3\/2025\/01\/merge-up-slot-bgaming.jpg","datePublished":"2025-01-26T11:44:24+00:00","dateModified":"2025-01-26T11:44:24+00:00","description":"Merge Up slotu, BGaming taraf\u0131ndan sunulan, 6x6 d\u00fczen, Y\u00fcksek volatilite, RTP 97.25%, K\u00fcme \u00f6demeleri \u00f6deme hatt\u0131 ve bahsinizin 5000 kat\u0131na kadar Maksimum Kazan\u00e7 sunar. \u0130ncelemeyi okuyun ve \u00dccretsiz Demo oynay\u0131n!","breadcrumb":{"@id":"https:\/\/bgaming-games.com\/tr\/merge-up\/#breadcrumb"},"inLanguage":"tr","potentialAction":[{"@type":"ReadAction","target":["https:\/\/bgaming-games.com\/tr\/merge-up\/"]}]},{"@type":"ImageObject","inLanguage":"tr","@id":"https:\/\/bgaming-games.com\/tr\/merge-up\/#primaryimage","url":"https:\/\/bgaming-games.com\/tr\/wp-content\/uploads\/sites\/3\/2025\/01\/merge-up-slot-bgaming.jpg","contentUrl":"https:\/\/bgaming-games.com\/tr\/wp-content\/uploads\/sites\/3\/2025\/01\/merge-up-slot-bgaming.jpg","width":900,"height":599},{"@type":"BreadcrumbList","@id":"https:\/\/bgaming-games.com\/tr\/merge-up\/#breadcrumb","itemListElement":[{"@type":"ListItem","position":1,"name":"\u0413\u043b\u0430\u0432\u043d\u0430\u044f \u0441\u0442\u0440\u0430\u043d\u0438\u0446\u0430","item":"https:\/\/bgaming-games.com\/tr\/"},{"@type":"ListItem","position":2,"name":"Merge Up"}]},{"@type":"WebSite","@id":"https:\/\/bgaming-games.com\/tr\/#website","url":"https:\/\/bgaming-games.com\/tr\/","name":"BGaming Slotlar\u0131 T\u00fcrkiye","description":"","potentialAction":[{"@type":"SearchAction","target":{"@type":"EntryPoint","urlTemplate":"https:\/\/bgaming-games.com\/tr\/?s={search_term_string}"},"query-input":{"@type":"PropertyValueSpecification","valueRequired":true,"valueName":"search_term_string"}}],"inLanguage":"tr"}]}},"_links":{"self":[{"href":"https:\/\/bgaming-games.com\/tr\/wp-json\/wp\/v2\/pages\/146","targetHints":{"allow":["GET"]}}],"collection":[{"href":"https:\/\/bgaming-games.com\/tr\/wp-json\/wp\/v2\/pages"}],"about":[{"href":"https:\/\/bgaming-games.com\/tr\/wp-json\/wp\/v2\/types\/page"}],"author":[{"embeddable":true,"href":"https:\/\/bgaming-games.com\/tr\/wp-json\/wp\/v2\/users\/1"}],"replies":[{"embeddable":true,"href":"https:\/\/bgaming-games.com\/tr\/wp-json\/wp\/v2\/comments?post=146"}],"version-history":[{"count":0,"href":"https:\/\/bgaming-games.com\/tr\/wp-json\/wp\/v2\/pages\/146\/revisions"}],"wp:featuredmedia":[{"embeddable":true,"href":"https:\/\/bgaming-games.com\/tr\/wp-json\/wp\/v2\/media\/257"}],"wp:attachment":[{"href":"https:\/\/bgaming-games.com\/tr\/wp-json\/wp\/v2\/media?parent=146"}],"wp:term":[{"taxonomy":"category","embeddable":true,"href":"https:\/\/bgaming-games.com\/tr\/wp-json\/wp\/v2\/categories?post=146"},{"taxonomy":"post_tag","embeddable":true,"href":"https:\/\/bgaming-games.com\/tr\/wp-json\/wp\/v2\/tags?post=146"}],"curies":[{"name":"wp","href":"https:\/\/api.w.org\/{rel}","templated":true}]}}